{"id":5567,"date":"2018-02-19T06:27:30","date_gmt":"2018-02-19T06:27:30","guid":{"rendered":"http:\/\/catchthemes.com\/demo\/clean-fotografie\/?page_id=5567"},"modified":"2024-06-12T14:41:49","modified_gmt":"2024-06-12T12:41:49","slug":"accueil","status":"publish","type":"page","link":"https:\/\/bt-photographies.fr\/","title":{"rendered":"Accueil"},"content":{"rendered":"<p>N&rsquo;h\u00e9sitez pas \u00e0 prendre contact pour votre futur S\u00e9ance Photo<\/p>\n<p><a class=\"button\" href=\"https:\/\/bt-photographies.fr\/index.php\/contact\/\">Contacter<\/a><\/p>\n","protected":false},"excerpt":{"rendered":"<p>N&rsquo;h\u00e9sitez pas \u00e0 prendre contact pour votre futur S\u00e9ance Photo Contacter<\/p>\n","protected":false},"author":1,"featured_media":5689,"parent":0,"menu_order":0,"comment_status":"closed","ping_status":"closed","template":"","meta":{"footnotes":""},"class_list":["post-5567","page","type-page","status-publish","has-post-thumbnail","hentry"],"_links":{"self":[{"href":"https:\/\/bt-photographies.fr\/index.php\/wp-json\/wp\/v2\/pages\/5567","targetHints":{"allow":["GET"]}}],"collection":[{"href":"https:\/\/bt-photographies.fr\/index.php\/wp-json\/wp\/v2\/pages"}],"about":[{"href":"https:\/\/bt-photographies.fr\/index.php\/wp-json\/wp\/v2\/types\/page"}],"author":[{"embeddable":true,"href":"https:\/\/bt-photographies.fr\/index.php\/wp-json\/wp\/v2\/users\/1"}],"replies":[{"embeddable":true,"href":"https:\/\/bt-photographies.fr\/index.php\/wp-json\/wp\/v2\/comments?post=5567"}],"version-history":[{"count":2,"href":"https:\/\/bt-photographies.fr\/index.php\/wp-json\/wp\/v2\/pages\/5567\/revisions"}],"predecessor-version":[{"id":5751,"href":"https:\/\/bt-photographies.fr\/index.php\/wp-json\/wp\/v2\/pages\/5567\/revisions\/5751"}],"wp:featuredmedia":[{"embeddable":true,"href":"https:\/\/bt-photographies.fr\/index.php\/wp-json\/wp\/v2\/media\/5689"}],"wp:attachment":[{"href":"https:\/\/bt-photographies.fr\/index.php\/wp-json\/wp\/v2\/media?parent=5567"}],"curies":[{"name":"wp","href":"https:\/\/api.w.org\/{rel}","templated":true}]}}